{"id":2,"date":"2016-11-17T09:03:41","date_gmt":"2016-11-17T08:03:41","guid":{"rendered":"http:\/\/mtnet.gorowo.pl\/?page_id=2"},"modified":"2021-04-27T11:01:01","modified_gmt":"2021-04-27T09:01:01","slug":"przykladowa-strona","status":"publish","type":"page","link":"http:\/\/mtnet.gorowo.pl\/","title":{"rendered":"O firmie"},"content":{"rendered":"<p><span style=\"color: #000000;\">Dynamiczny rozw\u00f3j technologii informatycznych zmusza przedsi\u0119biorstwa do nieustannej modernizacji rozwi\u0105za\u0144 informatycznych. Wychodz\u0105c naprzeciw naszym Klientom doradzamy i wdra\u017camy najlepsze rozwi\u0105zania, dzi\u0119ki kt\u00f3rym mog\u0105 skoncentrowa\u0107 si\u0119 na dalszym rozwoju firmy.<\/span><\/p>\n<p><strong><span style=\"color: #000000;\">Firma MTNet Tomasz Drozdowski \u015bwiadczy us\u0142ugi:<\/span><\/strong><\/p>\n<ul>\n<li><strong><span style=\"color: #000000;\">administracja infrastruktur\u0105 informatyczn\u0105<\/span><\/strong><\/li>\n<li><span style=\"color: #000000;\"><strong>administracja i zabezpieczanie sieci informatycznych (LAN, WAN)<\/strong><\/span><\/li>\n<li><strong><span style=\"color: #000000;\">tworzenie i wdra\u017canie Wirtualnych Sieci Prywatnych (VPN)<\/span><\/strong><\/li>\n<li><strong><span style=\"color: #000000;\">tworzenie i zarz\u0105dzanie stronami internetowymi<\/span><\/strong><\/li>\n<li><strong><span style=\"color: #000000;\">odzyskiwanie danych<\/span><\/strong><\/li>\n<li><strong><span style=\"color: #000000;\">wdra\u017canie rozwi\u0105za\u0144 serwerowych<\/span><\/strong><\/li>\n<li><strong><span style=\"color: #000000;\">instalacja i konfiguracja system\u00f3w operacyjnych (Linux, Windows)<\/span><\/strong><\/li>\n<li><strong><span style=\"color: #000000;\">naprawy sprz\u0119tu komputerowego<\/span><\/strong><\/li>\n<li><strong><span style=\"color: #000000;\">sprzeda\u017c (komputery i urz\u0105dzenia peryferyjne)<\/span><\/strong><\/li>\n<li><strong><span style=\"color: #000000;\">kompleksowe us\u0142ugi informatyczne dla firm i os\u00f3b prywatnych<\/span><\/strong><\/li>\n<\/ul>\n<p><span style=\"color: #000000;\">MTNet Tomasz Drozdowski<\/span><\/p>\n<p><span style=\"color: #000000;\">Bukowiec 75<br \/>\n<\/span><\/p>\n<p><span style=\"color: #000000;\">11-220 G\u00f3rowo I\u0142aweckie<\/span><\/p>\n<p><span style=\"color: #000000;\">NIP: 743-113-41-34<\/span><\/p>\n<p><span style=\"color: #000000;\">REGON: 362599976<\/span><\/p>\n","protected":false},"excerpt":{"rendered":"<p>Dynamiczny rozw\u00f3j technologii informatycznych zmusza przedsi\u0119biorstwa do nieustannej modernizacji rozwi\u0105za\u0144 informatycznych. Wychodz\u0105c naprzeciw naszym Klientom doradzamy i wdra\u017camy najlepsze rozwi\u0105zania, dzi\u0119ki kt\u00f3rym mog\u0105 skoncentrowa\u0107 si\u0119 na dalszym rozwoju firmy. Firma MTNet Tomasz Drozdowski \u015bwiadczy us\u0142ugi: administracja infrastruktur\u0105 informatyczn\u0105 administracja i zabezpieczanie sieci informatycznych (LAN, WAN) tworzenie i wdra\u017canie Wirtualnych Sieci Prywatnych (VPN) tworzenie i zarz\u0105dzanie&#8230;<\/p>\n","protected":false},"author":1,"featured_media":0,"parent":0,"menu_order":0,"comment_status":"closed","ping_status":"open","template":"","meta":{"footnotes":""},"class_list":["post-2","page","type-page","status-publish","hentry"],"_links":{"self":[{"href":"http:\/\/mtnet.gorowo.pl\/index.php\/wp-json\/wp\/v2\/pages\/2","targetHints":{"allow":["GET"]}}],"collection":[{"href":"http:\/\/mtnet.gorowo.pl\/index.php\/wp-json\/wp\/v2\/pages"}],"about":[{"href":"http:\/\/mtnet.gorowo.pl\/index.php\/wp-json\/wp\/v2\/types\/page"}],"author":[{"embeddable":true,"href":"http:\/\/mtnet.gorowo.pl\/index.php\/wp-json\/wp\/v2\/users\/1"}],"replies":[{"embeddable":true,"href":"http:\/\/mtnet.gorowo.pl\/index.php\/wp-json\/wp\/v2\/comments?post=2"}],"version-history":[{"count":16,"href":"http:\/\/mtnet.gorowo.pl\/index.php\/wp-json\/wp\/v2\/pages\/2\/revisions"}],"predecessor-version":[{"id":39,"href":"http:\/\/mtnet.gorowo.pl\/index.php\/wp-json\/wp\/v2\/pages\/2\/revisions\/39"}],"wp:attachment":[{"href":"http:\/\/mtnet.gorowo.pl\/index.php\/wp-json\/wp\/v2\/media?parent=2"}],"curies":[{"name":"wp","href":"https:\/\/api.w.org\/{rel}","templated":true}]}}